{"id":591,"date":"2012-09-18T14:07:45","date_gmt":"2012-09-18T14:07:45","guid":{"rendered":"http:\/\/www.hamburger-stiftung.de\/en\/?page_id=591"},"modified":"2017-10-24T14:16:51","modified_gmt":"2017-10-24T14:16:51","slug":"events","status":"publish","type":"page","link":"http:\/\/www.hamburger-stiftung.de\/en\/events\/","title":{"rendered":"EVENTS"},"content":{"rendered":"<p><strong>Events 2015<\/strong><\/p>\n<p><strong>On the crime of being an investigative journalist<\/strong><\/p>\n<p><img loading=\"lazy\" decoding=\"async\" class=\"alignnone size-full wp-image-3332\" src=\"http:\/\/www.hamburger-stiftung.de\/wp-content\/uploads\/2012\/09\/csm_Bobrvnikov_5d7679dc84.jpg\" alt=\"\" width=\"282\" height=\"159\" \/><\/p>\n<p><strong>Mittwoch, 25.10.2017, 19:00 bis 20:30<\/strong><br \/>\nBucerius Law School<br \/>\nHochschule f\u00fcr Rechtswissenschaft gemeinn\u00fctzige GmbH<br \/>\nJungiusstra\u00dfe 6<br \/>\nOrt: U.56<\/p>\n<p>Lecture and Discussion.<\/p>\n<p>Aleksej Bobrovnikov, Ukranian journalist<br \/>\nMaike Middeler, Student Class 2016 (moderation)<\/p>\n<p>Following the annexation of the Crimea by the Russian Federation, the Ukrainian region of Donbass has been affected by armed conflicts between pro-Russian separatist forces and the Ukrainian government. Due to that condition, it has become a popular location for smuggling, money laundry and organised crime that transcends borders. To fight the illegal trade of weapons, fuel, gold and other goods, Kiev established a special investigative group. Its leader as well as several members have been killed since then.<\/p>\n<p>Aleksei Bobrovnikov decided to investigate further in this matter in cooperation with a Russian colleague and his findings were shocking: Ukrainian military forces seemed to play a major role in this issue. The results of his research made Bobrovnikov the target of very powerful enemies, especially since the 92nd brigade that was presumably involved in the illegal activities are considered national heroes due to their participation in other armed conflicts like the Afghanistan war, the Iraq war and very recently the conflicts in Donbas itself. Since then, Bobrovnikov has received numerous death threats even in front of the camera. He disappeared for months in the western Ukraine but the threats continued. When he found out the Ukrainian secret service planned to kill him in 2016, he had to leave the country in a rush and found himself in Hamburg only 36 hours later.<\/p>\n<p>In Cooperation with the Hamburg Foundation for Politically Persecuted People and the Amnesty International Chapter of Bucerius Law School<\/p>\n<p><strong>Special exhibition of the Hamburg Foundation for Politically Persecuted People <\/strong><strong>\u201e<\/strong><strong>5 x Hamburg and back<\/strong><strong>\u201c<\/strong><br \/> At the Emigration Museum, Ballinstadt Hamburg<br \/> June 17 \u2013 July 31, 2015<br \/> Exhibition opening on 17 June at 11 a.m. <br \/> With Ole von Beust and Volkers Reimers<\/p>\n<p><strong>Kamal Khan from Pakistan<\/strong><br \/> June 12, 2015, at 4 p.m. in Sievershausen, Antikriegshaus<\/p>\n<p><strong>Kamal Khan<\/strong><strong>\u00a0<\/strong><strong>from Pakistan <\/strong><strong>\u2013\u00a0<\/strong><strong>Human rights activist<\/strong><br \/> April 27, 2015 at 7 p.m. at KoerberForum in Hamburg, Kehrwieder 12<br \/> <a class=\"tlink\" href=\"http:\/\/www.koerber-stiftung.de\/koerberforum\/programm\/reihen\/termine\/termine-details\/termin\/pakistan-anschlaege-auf-menschenrechte.html\">Further details<\/a><\/p>\n<p><strong>Farida Nekzad: Guest speaker at the Media Festival in Perugia\/ Italia<\/strong><br \/> April 22 -26, 2015<\/p>\n<p><strong>Salah Zater <\/strong><strong>\u2013<\/strong> <strong>Journalist from Libya<\/strong><br \/> Talk on intimidation and threats faced by journalists and Internet activists in Libya today. <br \/> Do social networks promote or restrict the freedom of speech?<br \/> April 1, 2015, at 7 p.m. <br \/> Caf\u00e9 Flop, L\u00fcderitzstra\u00dfe 74, 13351 Berlin<\/p>\n<p><strong>Farida Nekzad talks to students of the Vocational School in Eutin<\/strong><br \/> March 10, 2015, at 11 a.m. \u2013 1 p.m., presented by amnesty international<\/p>\n<p><strong>Farida Nekzad talks to other journalists<\/strong><br \/> March 3, 2015, at 8 p.m. <br \/> Presented by the German Federation of Journalists<\/p>\n<p><strong>Talk with Asif Mohiuddin and Kamal Khan<\/strong><br \/> March 1, 2015, at 4 p.m. <br \/> Berlin, Martin Niem\u00f6ller Haus, Pacelliallee 61, in the series World Views<br \/> Presented by Martin Niem\u00f6ller Haus<br \/> <a class=\"tlink\" href=\"http:\/\/www.hamburger-stiftung.de\/wp-content\/uploads\/2012\/09\/Weltsichten-4-Bangla-Desh-und-Pakistan.docx\">World Views &#8211; 4 &#8211; Bangla Desh and Pakistan<\/a><\/p>\n<p><a class=\"tlink\" href=\"http:\/\/www.hamburger-stiftung.de\/wp-content\/uploads\/2012\/09\/Veranstaltungen-2014.pdf\">Events 2014<\/a><br \/> <a class=\"tlink\" href=\"http:\/\/www.hamburger-stiftung.de\/wp-content\/uploads\/2012\/09\/Veranstaltungen-2013.pdf\">Events 2013<\/a><\/p>\n<p>&nbsp;<\/p>\n","protected":false},"excerpt":{"rendered":"<p>Events 2015 On the crime of being an investigative journalist Mittwoch, 25.10.2017, 19:00 bis 20:30 Bucerius Law School Hochschule f\u00fcr Rechtswissenschaft gemeinn\u00fctzige GmbH Jungiusstra\u00dfe 6 Ort: U.56 Lecture and Discussion. Aleksej Bobrovnikov, Ukranian journalist Maike Middeler, Student Class 2016 (moderation) &hellip; <a href=\"http:\/\/www.hamburger-stiftung.de\/en\/events\/\">Continue reading <span class=\"meta-nav\">&rarr;<\/span><\/a><\/p>\n","protected":false},"author":1,"featured_media":0,"parent":0,"menu_order":0,"comment_status":"closed","ping_status":"closed","template":"","meta":{"_acf_changed":false,"footnotes":""},"acf":[],"_links":{"self":[{"href":"http:\/\/www.hamburger-stiftung.de\/en\/wp-json\/wp\/v2\/pages\/591"}],"collection":[{"href":"http:\/\/www.hamburger-stiftung.de\/en\/wp-json\/wp\/v2\/pages"}],"about":[{"href":"http:\/\/www.hamburger-stiftung.de\/en\/wp-json\/wp\/v2\/types\/page"}],"author":[{"embeddable":true,"href":"http:\/\/www.hamburger-stiftung.de\/en\/wp-json\/wp\/v2\/users\/1"}],"replies":[{"embeddable":true,"href":"http:\/\/www.hamburger-stiftung.de\/en\/wp-json\/wp\/v2\/comments?post=591"}],"version-history":[{"count":45,"href":"http:\/\/www.hamburger-stiftung.de\/en\/wp-json\/wp\/v2\/pages\/591\/revisions"}],"predecessor-version":[{"id":1072,"href":"http:\/\/www.hamburger-stiftung.de\/en\/wp-json\/wp\/v2\/pages\/591\/revisions\/1072"}],"wp:attachment":[{"href":"http:\/\/www.hamburger-stiftung.de\/en\/wp-json\/wp\/v2\/media?parent=591"}],"curies":[{"name":"wp","href":"https:\/\/api.w.org\/{rel}","templated":true}]}}